{"id":3612,"date":"2025-05-30T22:46:48","date_gmt":"2025-05-30T22:46:48","guid":{"rendered":"https:\/\/ninjinhaatacadista.com.br\/about\/"},"modified":"2025-06-02T16:11:45","modified_gmt":"2025-06-02T16:11:45","slug":"sobre-nos","status":"publish","type":"page","link":"https:\/\/ninjinhaatacadista.com.br\/?page_id=3612","title":{"rendered":"Sobre n\u00f3s"},"content":{"rendered":"\t\t<div data-elementor-type=\"wp-page\" data-elementor-id=\"3612\" class=\"elementor elementor-3612\">\n\t\t\t\t<div class=\"elementor-element elementor-element-e1a814e e-flex e-con-boxed e-con e-parent\" data-id=\"e1a814e\" data-element_type=\"container\" data-e-type=\"container\">\n\t\t\t\t\t<div class=\"e-con-inner\">\n\t\t\t\t<div class=\"elementor-element elementor-element-9c0125e elementor-widget elementor-widget-heading\" data-id=\"9c0125e\" data-element_type=\"widget\" data-e-type=\"widget\" data-widget_type=\"heading.default\">\n\t\t\t\t<div class=\"elementor-widget-container\">\n\t\t\t\t\t<h2 class=\"elementor-heading-title elementor-size-default\">Sobre n\u00f3s<\/h2>\t\t\t\t<\/div>\n\t\t\t\t<\/div>\n\t\t\t\t\t<\/div>\n\t\t\t\t<\/div>\n\t\t<div class=\"elementor-element elementor-element-bf6ee02 e-flex e-con-boxed e-con e-parent\" data-id=\"bf6ee02\" data-element_type=\"container\" data-e-type=\"container\">\n\t\t\t\t\t<div class=\"e-con-inner\">\n\t\t<div class=\"elementor-element elementor-element-3ee6756 e-con-full e-flex e-con e-child\" data-id=\"3ee6756\" data-element_type=\"container\" data-e-type=\"container\">\n\t\t\t\t<div class=\"elementor-element elementor-element-5c25b9b elementor-widget elementor-widget-image\" data-id=\"5c25b9b\" data-element_type=\"widget\" data-e-type=\"widget\" data-widget_type=\"image.default\">\n\t\t\t\t<div class=\"elementor-widget-container\">\n\t\t\t\t\t\t\t\t\t\t\t\t\t\t\t<img fetchpriority=\"high\" decoding=\"async\" width=\"1152\" height=\"2048\" src=\"https:\/\/ninjinhaatacadista.com.br\/wp-content\/uploads\/2025\/06\/62-9-9197-9830.png\" class=\"attachment-full size-full wp-image-5511\" alt=\"seja um revendedor ninjinha\" srcset=\"https:\/\/ninjinhaatacadista.com.br\/wp-content\/uploads\/2025\/06\/62-9-9197-9830.png 1152w, https:\/\/ninjinhaatacadista.com.br\/wp-content\/uploads\/2025\/06\/62-9-9197-9830-169x300.png 169w, https:\/\/ninjinhaatacadista.com.br\/wp-content\/uploads\/2025\/06\/62-9-9197-9830-576x1024.png 576w, https:\/\/ninjinhaatacadista.com.br\/wp-content\/uploads\/2025\/06\/62-9-9197-9830-768x1365.png 768w, https:\/\/ninjinhaatacadista.com.br\/wp-content\/uploads\/2025\/06\/62-9-9197-9830-864x1536.png 864w, https:\/\/ninjinhaatacadista.com.br\/wp-content\/uploads\/2025\/06\/62-9-9197-9830-600x1067.png 600w, https:\/\/ninjinhaatacadista.com.br\/wp-content\/uploads\/2025\/06\/62-9-9197-9830-64x114.png 64w\" sizes=\"(max-width: 1152px) 100vw, 1152px\" \/>\t\t\t\t\t\t\t\t\t\t\t\t\t\t\t<\/div>\n\t\t\t\t<\/div>\n\t\t\t\t<\/div>\n\t\t<div class=\"elementor-element elementor-element-afcce19 e-con-full e-flex e-con e-child\" data-id=\"afcce19\" data-element_type=\"container\" data-e-type=\"container\">\n\t\t\t\t<div class=\"elementor-element elementor-element-d620b24 elementor-widget elementor-widget-heading\" data-id=\"d620b24\" data-element_type=\"widget\" data-e-type=\"widget\" data-widget_type=\"heading.default\">\n\t\t\t\t<div class=\"elementor-widget-container\">\n\t\t\t\t\t<h2 class=\"elementor-heading-title elementor-size-default\">Seja um Revendedor \nNinjinha<\/h2>\t\t\t\t<\/div>\n\t\t\t\t<\/div>\n\t\t\t\t<div class=\"elementor-element elementor-element-55fdf25 elementor-widget elementor-widget-text-editor\" data-id=\"55fdf25\" data-element_type=\"widget\" data-e-type=\"widget\" data-widget_type=\"text-editor.default\">\n\t\t\t\t<div class=\"elementor-widget-container\">\n\t\t\t\t\t\t\t\t\t<p data-start=\"131\" data-end=\"389\">A Ninjinha nasceu com um prop\u00f3sito simples: reinventar a forma como o a\u00e7a\u00ed \u00e9 consumido e vendido. Unimos praticidade, sabor e inova\u00e7\u00e3o para criar um produto que foge do comum e entrega uma experi\u00eancia \u00fanica \u2014 tanto para quem consome quanto para quem revende.<\/p>\n<p data-start=\"391\" data-end=\"682\">Nosso diferencial est\u00e1 no formato. Enquanto o mercado tradicional trabalha com potes e colheres, n\u00f3s oferecemos o a\u00e7a\u00ed em uma vers\u00e3o pr\u00e1tica e divertida. Uma solu\u00e7\u00e3o moderna, pronta para consumo, que n\u00e3o exige preparo e se adapta perfeitamente a diferentes pontos de venda.<\/p>\n<p data-start=\"684\" data-end=\"1034\">Mas a Ninjinha \u00e9 muito mais que um produto. \u00c9 uma marca pensada para gerar oportunidade. Acreditamos na for\u00e7a do com\u00e9rcio local, nos pequenos e m\u00e9dios empreendedores, e na capacidade de crescer junto com nossos parceiros. Por isso, desenvolvemos uma linha de produtos com alta qualidade, visual atrativo e excelente margem de lucro para revendedores.<\/p>\n<p data-start=\"1036\" data-end=\"1287\">Temos orgulho em oferecer um produto acess\u00edvel, nutritivo, com op\u00e7\u00f5es que atendem diferentes perfis: tradicional, zero a\u00e7\u00facar e com whey protein. Tudo com muito sabor, seguran\u00e7a alimentar e compromisso com a satisfa\u00e7\u00e3o de quem vende e de quem consome.<\/p>\n<p data-start=\"1289\" data-end=\"1373\">Seja voc\u00ea tamb\u00e9m parte dessa hist\u00f3ria.<br data-start=\"1327\" data-end=\"1330\" \/><strong data-start=\"1330\" data-end=\"1373\">Ninjinha \u00e9 o novo jeito de vender a\u00e7a\u00ed.<\/strong><\/p>\t\t\t\t\t\t\t\t<\/div>\n\t\t\t\t<\/div>\n\t\t\t\t<div class=\"elementor-element elementor-element-72e1ba4 elementor-widget elementor-widget-button\" data-id=\"72e1ba4\" data-element_type=\"widget\" data-e-type=\"widget\" data-widget_type=\"button.default\">\n\t\t\t\t<div class=\"elementor-widget-container\">\n\t\t\t\t\t\t\t\t\t<div class=\"elementor-button-wrapper\">\n\t\t\t\t\t<a class=\"elementor-button elementor-button-link elementor-size-sm\" href=\"https:\/\/ninjinhaatacadista.com.br\/?page_id=10\" target=\"_blank\">\n\t\t\t\t\t\t<span class=\"elementor-button-content-wrapper\">\n\t\t\t\t\t\t\t\t\t<span class=\"elementor-button-text\">Clique e saiba como funciona nossas pol\u00edticas de devolu\u00e7\u00e3o e troca<\/span>\n\t\t\t\t\t<\/span>\n\t\t\t\t\t<\/a>\n\t\t\t\t<\/div>\n\t\t\t\t\t\t\t\t<\/div>\n\t\t\t\t<\/div>\n\t\t\t\t<div class=\"elementor-element elementor-element-9654329 elementor-widget elementor-widget-button\" data-id=\"9654329\" data-element_type=\"widget\" data-e-type=\"widget\" data-widget_type=\"button.default\">\n\t\t\t\t<div class=\"elementor-widget-container\">\n\t\t\t\t\t\t\t\t\t<div class=\"elementor-button-wrapper\">\n\t\t\t\t\t<a class=\"elementor-button elementor-button-link elementor-size-sm\" href=\"https:\/\/ninjinhaatacadista.com.br\/?page_id=3\">\n\t\t\t\t\t\t<span class=\"elementor-button-content-wrapper\">\n\t\t\t\t\t\t\t\t\t<span class=\"elementor-button-text\">Clique e saiba mais como funciona nossas Polit\u00edcas de Privacidade<\/span>\n\t\t\t\t\t<\/span>\n\t\t\t\t\t<\/a>\n\t\t\t\t<\/div>\n\t\t\t\t\t\t\t\t<\/div>\n\t\t\t\t<\/div>\n\t\t\t\t<div class=\"elementor-element elementor-element-24588b4 elementor-widget elementor-widget-button\" data-id=\"24588b4\" data-element_type=\"widget\" data-e-type=\"widget\" data-widget_type=\"button.default\">\n\t\t\t\t<div class=\"elementor-widget-container\">\n\t\t\t\t\t\t\t\t\t<div class=\"elementor-button-wrapper\">\n\t\t\t\t\t<a class=\"elementor-button elementor-button-link elementor-size-sm\" href=\"https:\/\/ninjinhaatacadista.com.br\/?page_id=3614\">\n\t\t\t\t\t\t<span class=\"elementor-button-content-wrapper\">\n\t\t\t\t\t\t<span class=\"elementor-button-icon\">\n\t\t\t\t<svg aria-hidden=\"true\" class=\"e-font-icon-svg e-far-arrow-alt-circle-right\" viewBox=\"0 0 512 512\" xmlns=\"http:\/\/www.w3.org\/2000\/svg\"><path d=\"M504 256C504 119 393 8 256 8S8 119 8 256s111 248 248 248 248-111 248-248zm-448 0c0-110.5 89.5-200 200-200s200 89.5 200 200-89.5 200-200 200S56 366.5 56 256zm72 20v-40c0-6.6 5.4-12 12-12h116v-67c0-10.7 12.9-16 20.5-8.5l99 99c4.7 4.7 4.7 12.3 0 17l-99 99c-7.6 7.6-20.5 2.2-20.5-8.5v-67H140c-6.6 0-12-5.4-12-12z\"><\/path><\/svg>\t\t\t<\/span>\n\t\t\t\t\t\t\t\t\t<span class=\"elementor-button-text\">D\u00favidas? Fale conosco<\/span>\n\t\t\t\t\t<\/span>\n\t\t\t\t\t<\/a>\n\t\t\t\t<\/div>\n\t\t\t\t\t\t\t\t<\/div>\n\t\t\t\t<\/div>\n\t\t\t\t<\/div>\n\t\t\t\t\t<\/div>\n\t\t\t\t<\/div>\n\t\t<div class=\"elementor-element elementor-element-d995fdd e-grid e-con-boxed e-con e-parent\" data-id=\"d995fdd\" data-element_type=\"container\" data-e-type=\"container\" data-settings=\"{&quot;background_background&quot;:&quot;classic&quot;}\">\n\t\t\t\t\t<div class=\"e-con-inner\">\n\t\t\t\t<div class=\"elementor-element elementor-element-32c0ca4 elementor-widget elementor-widget-image\" data-id=\"32c0ca4\" data-element_type=\"widget\" data-e-type=\"widget\" data-widget_type=\"image.default\">\n\t\t\t\t<div class=\"elementor-widget-container\">\n\t\t\t\t\t\t\t\t\t\t\t\t\t\t\t<img decoding=\"async\" width=\"1440\" height=\"1440\" src=\"https:\/\/ninjinhaatacadista.com.br\/wp-content\/uploads\/2025\/06\/1.jpg\" class=\"attachment-full size-full wp-image-5799\" alt=\"\" srcset=\"https:\/\/ninjinhaatacadista.com.br\/wp-content\/uploads\/2025\/06\/1.jpg 1440w, https:\/\/ninjinhaatacadista.com.br\/wp-content\/uploads\/2025\/06\/1-300x300.jpg 300w, https:\/\/ninjinhaatacadista.com.br\/wp-content\/uploads\/2025\/06\/1-1024x1024.jpg 1024w, https:\/\/ninjinhaatacadista.com.br\/wp-content\/uploads\/2025\/06\/1-150x150.jpg 150w, https:\/\/ninjinhaatacadista.com.br\/wp-content\/uploads\/2025\/06\/1-768x768.jpg 768w, https:\/\/ninjinhaatacadista.com.br\/wp-content\/uploads\/2025\/06\/1-600x600.jpg 600w, https:\/\/ninjinhaatacadista.com.br\/wp-content\/uploads\/2025\/06\/1-100x100.jpg 100w, https:\/\/ninjinhaatacadista.com.br\/wp-content\/uploads\/2025\/06\/1-64x64.jpg 64w\" sizes=\"(max-width: 1440px) 100vw, 1440px\" \/>\t\t\t\t\t\t\t\t\t\t\t\t\t\t\t<\/div>\n\t\t\t\t<\/div>\n\t\t<div class=\"elementor-element elementor-element-36e3a0c e-con-full e-flex e-con e-child\" data-id=\"36e3a0c\" data-element_type=\"container\" data-e-type=\"container\">\n\t\t\t\t<div class=\"elementor-element elementor-element-cee0602 elementor-widget__width-initial elementor-widget elementor-widget-heading\" data-id=\"cee0602\" data-element_type=\"widget\" data-e-type=\"widget\" data-widget_type=\"heading.default\">\n\t\t\t\t<div class=\"elementor-widget-container\">\n\t\t\t\t\t<h2 class=\"elementor-heading-title elementor-size-default\"><div class=\"elementor-element elementor-element-145ce40 elementor-widget elementor-widget-heading\" data-id=\"145ce40\" data-element_type=\"widget\" data-widget_type=\"heading.default\">\n<div class=\"elementor-widget-container\">\n<h5 class=\"elementor-heading-title elementor-size-default\"><span style=\"color: #8bc540\">A\u00e7a\u00ed do Ninja<\/span><\/h5>\n<\/div>\n<\/div>\n<div class=\"elementor-element elementor-element-85f7a71 elementor-widget elementor-widget-image-box\" data-id=\"85f7a71\" data-element_type=\"widget\" data-widget_type=\"image-box.default\">\n<div class=\"elementor-widget-container\">\n<div class=\"elementor-image-box-wrapper\">\n<div class=\"elementor-image-box-content\">\n<h1 class=\"elementor-image-box-title\" style=\"text-align: left\">SOBRE A MARCA<\/h1>\n<\/div>\n<\/div>\n<\/div>\n<\/div><\/h2>\t\t\t\t<\/div>\n\t\t\t\t<\/div>\n\t\t\t\t<div class=\"elementor-element elementor-element-8581229 elementor-widget elementor-widget-text-editor\" data-id=\"8581229\" data-element_type=\"widget\" data-e-type=\"widget\" data-widget_type=\"text-editor.default\">\n\t\t\t\t<div class=\"elementor-widget-container\">\n\t\t\t\t\t\t\t\t\t<p><b>Tudo come\u00e7ou em 2015, quando Carlos Henrique transformou sua banca de frutas em Goi\u00e2nia-GO ao adicionar a\u00e7a\u00ed ao card\u00e1pio. Com um simples carrinho, ele levou o a\u00e7a\u00ed at\u00e9 o cora\u00e7\u00e3o da capital.<\/b><\/p><p>O sucesso cresceu rapidamente, e em 2018, A\u00e7a\u00ed do Ninja j\u00e1 era um fen\u00f4meno na regi\u00e3o leste de Goi\u00e2nia. Determinado a oferecer um a\u00e7a\u00ed de qualidade superior, Carlos, aos 23 anos, decidiu produzir o pr\u00f3prio a\u00e7a\u00ed, culminando na abertura da primeira f\u00e1brica no mesmo ano.<\/p><p>\u2028Em 2019, o sonho se concretizou com a inaugura\u00e7\u00e3o da primeira loja no Parque das Amendoeiras, seguida por uma segunda unidade no setor Leste Vila Nova. Hoje, com mais de 60 unidades, A\u00e7a\u00ed do Ninja continua encantando pessoas por todo o estado de Goi\u00e1s. Nossa hist\u00f3ria est\u00e1 apenas come\u00e7ando.<\/p>\t\t\t\t\t\t\t\t<\/div>\n\t\t\t\t<\/div>\n\t\t\t\t<div class=\"elementor-element elementor-element-f113b07 elementor-widget elementor-widget-button\" data-id=\"f113b07\" data-element_type=\"widget\" data-e-type=\"widget\" data-widget_type=\"button.default\">\n\t\t\t\t<div class=\"elementor-widget-container\">\n\t\t\t\t\t\t\t\t\t<div class=\"elementor-button-wrapper\">\n\t\t\t\t\t<a class=\"elementor-button elementor-button-link elementor-size-sm\" href=\"https:\/\/ninjinhaatacadista.com.br\/?page_id=3614\">\n\t\t\t\t\t\t<span class=\"elementor-button-content-wrapper\">\n\t\t\t\t\t\t<span class=\"elementor-button-icon\">\n\t\t\t\t<svg aria-hidden=\"true\" class=\"e-font-icon-svg e-far-arrow-alt-circle-right\" viewBox=\"0 0 512 512\" xmlns=\"http:\/\/www.w3.org\/2000\/svg\"><path d=\"M504 256C504 119 393 8 256 8S8 119 8 256s111 248 248 248 248-111 248-248zm-448 0c0-110.5 89.5-200 200-200s200 89.5 200 200-89.5 200-200 200S56 366.5 56 256zm72 20v-40c0-6.6 5.4-12 12-12h116v-67c0-10.7 12.9-16 20.5-8.5l99 99c4.7 4.7 4.7 12.3 0 17l-99 99c-7.6 7.6-20.5 2.2-20.5-8.5v-67H140c-6.6 0-12-5.4-12-12z\"><\/path><\/svg>\t\t\t<\/span>\n\t\t\t\t\t\t\t\t\t<span class=\"elementor-button-text\">D\u00favidas? Fale conosco<\/span>\n\t\t\t\t\t<\/span>\n\t\t\t\t\t<\/a>\n\t\t\t\t<\/div>\n\t\t\t\t\t\t\t\t<\/div>\n\t\t\t\t<\/div>\n\t\t\t\t<\/div>\n\t\t\t\t\t<\/div>\n\t\t\t\t<\/div>\n\t\t<div class=\"elementor-element elementor-element-c42e5b0 e-grid e-con-boxed e-con e-parent\" data-id=\"c42e5b0\" data-element_type=\"container\" data-e-type=\"container\" data-settings=\"{&quot;background_background&quot;:&quot;classic&quot;}\">\n\t\t\t\t\t<div class=\"e-con-inner\">\n\t\t<div class=\"elementor-element elementor-element-d735aa7 e-con-full e-flex e-con e-child\" data-id=\"d735aa7\" data-element_type=\"container\" data-e-type=\"container\">\n\t\t\t\t<div class=\"elementor-element elementor-element-c9ff8e6 elementor-widget__width-initial elementor-widget elementor-widget-heading\" data-id=\"c9ff8e6\" data-element_type=\"widget\" data-e-type=\"widget\" data-widget_type=\"heading.default\">\n\t\t\t\t<div class=\"elementor-widget-container\">\n\t\t\t\t\t<h2 class=\"elementor-heading-title elementor-size-default\"><div class=\"elementor-element elementor-element-145ce40 elementor-widget elementor-widget-heading\" data-id=\"145ce40\" data-element_type=\"widget\" data-widget_type=\"heading.default\">\n<div class=\"elementor-widget-container\">\n<h5 class=\"elementor-heading-title elementor-size-default\"><span style=\"color: #8bc540\">Industria Ninja<\/span><\/h5>\n<\/div>\n<\/div>\n<div class=\"elementor-element elementor-element-85f7a71 elementor-widget elementor-widget-image-box\" data-id=\"85f7a71\" data-element_type=\"widget\" data-widget_type=\"image-box.default\">\n<div class=\"elementor-widget-container\">\n<div class=\"elementor-image-box-wrapper\">\n<div class=\"elementor-image-box-content\">\n<h1 class=\"elementor-image-box-title\" style=\"text-align: left\">NOSSA INDUSTRIA<\/h1>\n<\/div>\n<\/div>\n<\/div>\n<\/div><\/h2>\t\t\t\t<\/div>\n\t\t\t\t<\/div>\n\t\t\t\t<div class=\"elementor-element elementor-element-adb8156 elementor-widget elementor-widget-text-editor\" data-id=\"adb8156\" data-element_type=\"widget\" data-e-type=\"widget\" data-widget_type=\"text-editor.default\">\n\t\t\t\t<div class=\"elementor-widget-container\">\n\t\t\t\t\t\t\t\t\t<p><b>Nossa for\u00e7a est\u00e1 na produ\u00e7\u00e3o pr\u00f3pria! Com mais de 1.000 m\u00b2 de estrutura em Goi\u00e2nia, nossa ind\u00fastria produz 300 mil litros de a\u00e7a\u00ed por m\u00eas, garantindo qualidade e frescor em cada loja e para todos os nossos franqueados..<\/b><br \/><br \/>Todo o a\u00e7a\u00ed que abastece cada uma de nossas lojas \u00e9 produzido em nossa ind\u00fastria, localizada em Goi\u00e2nia. Com mais de 1.000 m\u00b2 de estrutura, ela possui capacidade para produzir 300 mil litros de a\u00e7a\u00ed por m\u00eas<\/p>\t\t\t\t\t\t\t\t<\/div>\n\t\t\t\t<\/div>\n\t\t\t\t<div class=\"elementor-element elementor-element-0de3924 elementor-widget elementor-widget-button\" data-id=\"0de3924\" data-element_type=\"widget\" data-e-type=\"widget\" data-widget_type=\"button.default\">\n\t\t\t\t<div class=\"elementor-widget-container\">\n\t\t\t\t\t\t\t\t\t<div class=\"elementor-button-wrapper\">\n\t\t\t\t\t<a class=\"elementor-button elementor-button-link elementor-size-sm\" href=\"https:\/\/ninjinhaatacadista.com.br\/?page_id=3614\">\n\t\t\t\t\t\t<span class=\"elementor-button-content-wrapper\">\n\t\t\t\t\t\t<span class=\"elementor-button-icon\">\n\t\t\t\t<svg aria-hidden=\"true\" class=\"e-font-icon-svg e-far-arrow-alt-circle-right\" viewBox=\"0 0 512 512\" xmlns=\"http:\/\/www.w3.org\/2000\/svg\"><path d=\"M504 256C504 119 393 8 256 8S8 119 8 256s111 248 248 248 248-111 248-248zm-448 0c0-110.5 89.5-200 200-200s200 89.5 200 200-89.5 200-200 200S56 366.5 56 256zm72 20v-40c0-6.6 5.4-12 12-12h116v-67c0-10.7 12.9-16 20.5-8.5l99 99c4.7 4.7 4.7 12.3 0 17l-99 99c-7.6 7.6-20.5 2.2-20.5-8.5v-67H140c-6.6 0-12-5.4-12-12z\"><\/path><\/svg>\t\t\t<\/span>\n\t\t\t\t\t\t\t\t\t<span class=\"elementor-button-text\">D\u00favidas? Fale conosco<\/span>\n\t\t\t\t\t<\/span>\n\t\t\t\t\t<\/a>\n\t\t\t\t<\/div>\n\t\t\t\t\t\t\t\t<\/div>\n\t\t\t\t<\/div>\n\t\t\t\t<\/div>\n\t\t\t\t<div class=\"elementor-element elementor-element-4afbe7c elementor-widget elementor-widget-video\" data-id=\"4afbe7c\" data-element_type=\"widget\" data-e-type=\"widget\" data-settings=\"{&quot;video_type&quot;:&quot;hosted&quot;,&quot;autoplay&quot;:&quot;yes&quot;,&quot;play_on_mobile&quot;:&quot;yes&quot;,&quot;controls&quot;:&quot;yes&quot;}\" data-widget_type=\"video.default\">\n\t\t\t\t<div class=\"elementor-widget-container\">\n\t\t\t\t\t\t\t<div class=\"e-hosted-video elementor-wrapper elementor-open-inline\">\n\t\t\t\t\t<video class=\"elementor-video\" src=\"https:\/\/ninjinhaatacadista.com.br\/wp-content\/uploads\/2025\/06\/1748880336368.mp4\" autoplay=\"\" controls=\"\" playsinline=\"\" controlsList=\"nodownload\"><\/video>\n\t\t\t\t<\/div>\n\t\t\t\t\t\t<\/div>\n\t\t\t\t<\/div>\n\t\t\t\t\t<\/div>\n\t\t\t\t<\/div>\n\t\t\t\t<\/div>\n\t\t","protected":false},"excerpt":{"rendered":"<p>Sobre n\u00f3s Seja um Revendedor Ninjinha A Ninjinha nasceu com um prop\u00f3sito simples: reinventar a forma como o a\u00e7a\u00ed \u00e9 consumido e vendido. Unimos praticidade, sabor e inova\u00e7\u00e3o para criar um produto que foge do comum e entrega uma experi\u00eancia \u00fanica \u2014 tanto para quem consome quanto para quem revende. Nosso diferencial est\u00e1 no formato. [&hellip;]<\/p>\n","protected":false},"author":1,"featured_media":0,"parent":0,"menu_order":0,"comment_status":"closed","ping_status":"closed","template":"elementor_header_footer","meta":{"_joinchat":[],"footnotes":""},"class_list":["post-3612","page","type-page","status-publish","hentry"],"_links":{"self":[{"href":"https:\/\/ninjinhaatacadista.com.br\/index.php?rest_route=\/wp\/v2\/pages\/3612","targetHints":{"allow":["GET"]}}],"collection":[{"href":"https:\/\/ninjinhaatacadista.com.br\/index.php?rest_route=\/wp\/v2\/pages"}],"about":[{"href":"https:\/\/ninjinhaatacadista.com.br\/index.php?rest_route=\/wp\/v2\/types\/page"}],"author":[{"embeddable":true,"href":"https:\/\/ninjinhaatacadista.com.br\/index.php?rest_route=\/wp\/v2\/users\/1"}],"replies":[{"embeddable":true,"href":"https:\/\/ninjinhaatacadista.com.br\/index.php?rest_route=%2Fwp%2Fv2%2Fcomments&post=3612"}],"version-history":[{"count":57,"href":"https:\/\/ninjinhaatacadista.com.br\/index.php?rest_route=\/wp\/v2\/pages\/3612\/revisions"}],"predecessor-version":[{"id":5811,"href":"https:\/\/ninjinhaatacadista.com.br\/index.php?rest_route=\/wp\/v2\/pages\/3612\/revisions\/5811"}],"wp:attachment":[{"href":"https:\/\/ninjinhaatacadista.com.br\/index.php?rest_route=%2Fwp%2Fv2%2Fmedia&parent=3612"}],"curies":[{"name":"wp","href":"https:\/\/api.w.org\/{rel}","templated":true}]}}