{"id":3,"date":"2025-05-30T22:45:32","date_gmt":"2025-05-30T22:45:32","guid":{"rendered":"http:\/\/ninjinhaatacadista.com.br\/?page_id=3"},"modified":"2025-06-01T22:24:28","modified_gmt":"2025-06-01T22:24:28","slug":"politicas-de-privacidade","status":"publish","type":"page","link":"https:\/\/ninjinhaatacadista.com.br\/?page_id=3","title":{"rendered":"politicas de privacidade"},"content":{"rendered":"\t\t<div data-elementor-type=\"wp-page\" data-elementor-id=\"3\" class=\"elementor elementor-3\">\n\t\t\t\t<div class=\"elementor-element elementor-element-1bcfdcbd e-flex e-con-boxed e-con e-parent\" data-id=\"1bcfdcbd\" data-element_type=\"container\" data-e-type=\"container\">\n\t\t\t\t\t<div class=\"e-con-inner\">\n\t\t\t\t<div class=\"elementor-element elementor-element-5f2a0f9 elementor-widget elementor-widget-text-editor\" data-id=\"5f2a0f9\" data-element_type=\"widget\" data-e-type=\"widget\" data-widget_type=\"text-editor.default\">\n\t\t\t\t<div class=\"elementor-widget-container\">\n\t\t\t\t\t\t\t\t\t\n<p>\u00a0<\/p>\n<hr \/>\n<h3 class=\"wp-block-heading\"><strong>Quem somos<\/strong><\/h3>\n<p>O endere\u00e7o do nosso site \u00e9: <a href=\"http:\/\/ninjinhaatacadista.com.br\/\">http:\/\/ninjinhaatacadista.com.br<\/a>.<\/p>\n<hr \/>\n<h3><strong>Coment\u00e1rios<\/strong><\/h3>\n<p>Quando os visitantes deixam coment\u00e1rios no site, coletamos os dados exibidos no formul\u00e1rio de coment\u00e1rios, al\u00e9m do endere\u00e7o IP do visitante e a cadeia de agente do navegador, para ajudar na detec\u00e7\u00e3o de spam.<\/p>\n<p>Uma string anonimizada criada a partir do seu endere\u00e7o de e-mail (tamb\u00e9m chamada de hash) pode ser fornecida ao servi\u00e7o Gravatar para verificar se voc\u00ea o utiliza. A pol\u00edtica de privacidade do servi\u00e7o Gravatar est\u00e1 dispon\u00edvel aqui: <a href=\"https:\/\/automattic.com\/privacy\/\">https:\/\/automattic.com\/privacy\/<\/a>. Ap\u00f3s a aprova\u00e7\u00e3o do seu coment\u00e1rio, sua foto de perfil ficar\u00e1 vis\u00edvel ao p\u00fablico no contexto do coment\u00e1rio.<\/p>\n<hr \/>\n<h3><strong>M\u00eddia<\/strong><\/h3>\n<p>Se voc\u00ea enviar imagens para o site, evite enviar imagens com dados de localiza\u00e7\u00e3o incorporados (EXIF GPS). Visitantes do site podem baixar e extrair esses dados de localiza\u00e7\u00e3o das imagens publicadas.<\/p>\n<hr \/>\n<h3><strong>Cookies<\/strong><\/h3>\n<p>Se voc\u00ea deixar um coment\u00e1rio em nosso site, poder\u00e1 optar por salvar seu nome, e-mail e site em cookies. Isso \u00e9 para sua conveni\u00eancia, para que n\u00e3o precise preencher seus dados novamente ao deixar outro coment\u00e1rio. Esses cookies durar\u00e3o um ano.<\/p>\n<p>Se voc\u00ea visitar nossa p\u00e1gina de login, ser\u00e1 criado um cookie tempor\u00e1rio para verificar se seu navegador aceita cookies. Esse cookie n\u00e3o cont\u00e9m dados pessoais e ser\u00e1 descartado ao fechar o navegador.<\/p>\n<p>Quando voc\u00ea fizer login, configuraremos diversos cookies para salvar suas informa\u00e7\u00f5es de login e prefer\u00eancias de exibi\u00e7\u00e3o de tela. Os cookies de login duram dois dias e os de prefer\u00eancias de tela duram um ano. Se voc\u00ea selecionar &#8220;Lembrar-me&#8221;, seu login ser\u00e1 mantido por duas semanas. Ao sair da sua conta, os cookies de login ser\u00e3o removidos.<\/p>\n<p>Se voc\u00ea editar ou publicar um artigo, um cookie adicional ser\u00e1 salvo no seu navegador. Este cookie n\u00e3o cont\u00e9m dados pessoais e apenas indica o ID da postagem do artigo que voc\u00ea acabou de editar. Ele expira ap\u00f3s 1 dia.<\/p>\n<hr \/>\n<h3><strong>Conte\u00fado incorporado de outros sites<\/strong><\/h3>\n<p>Os artigos deste site podem incluir conte\u00fado incorporado (por exemplo: v\u00eddeos, imagens, artigos, etc.). O conte\u00fado incorporado de outros sites se comporta da mesma forma como se o visitante estivesse acessando diretamente esse outro site.<\/p>\n<p>Esses sites podem coletar dados sobre voc\u00ea, usar cookies, incorporar rastreamento adicional de terceiros e monitorar sua intera\u00e7\u00e3o com o conte\u00fado incorporado, incluindo o rastreamento da sua intera\u00e7\u00e3o caso voc\u00ea tenha uma conta e esteja conectado ao site em quest\u00e3o.<\/p>\n<hr \/>\n<h3><strong>Com quem compartilhamos seus dados<\/strong><\/h3>\n<p>Se voc\u00ea solicitar uma redefini\u00e7\u00e3o de senha, seu endere\u00e7o IP ser\u00e1 inclu\u00eddo no e-mail de redefini\u00e7\u00e3o.<\/p>\n<hr \/>\n<h3><strong>Por quanto tempo mantemos seus dados<\/strong><\/h3>\n<p>Se voc\u00ea deixar um coment\u00e1rio, o coment\u00e1rio e seus metadados ser\u00e3o retidos indefinidamente. Isso \u00e9 feito para que possamos reconhecer e aprovar automaticamente qualquer coment\u00e1rio de acompanhamento, em vez de mant\u00ea-lo em uma fila de modera\u00e7\u00e3o.<\/p>\n<p>Para usu\u00e1rios que se registram em nosso site (se houver), tamb\u00e9m armazenamos as informa\u00e7\u00f5es pessoais fornecidas em seu perfil de usu\u00e1rio. Todos os usu\u00e1rios podem ver, editar ou excluir suas informa\u00e7\u00f5es pessoais a qualquer momento (com exce\u00e7\u00e3o do nome de usu\u00e1rio). Os administradores do site tamb\u00e9m podem ver e editar essas informa\u00e7\u00f5es.<\/p>\n<hr \/>\n<h3><strong>Quais direitos voc\u00ea tem sobre seus dados<\/strong><\/h3>\n<p>Se voc\u00ea tem uma conta neste site ou deixou coment\u00e1rios, pode solicitar um arquivo exportado com os dados pessoais que mantemos sobre voc\u00ea, incluindo quaisquer dados que nos tenha fornecido. Tamb\u00e9m pode solicitar que removamos qualquer dado pessoal que mantemos. Isso n\u00e3o inclui dados que somos obrigados a manter por raz\u00f5es administrativas, legais ou de seguran\u00e7a.<\/p>\n<hr \/>\n<h3><strong>Para onde seus dados s\u00e3o enviados<\/strong><\/h3>\n<p>Coment\u00e1rios de visitantes podem ser verificados por um servi\u00e7o autom\u00e1tico de detec\u00e7\u00e3o de spam.<\/p>\n<hr \/>\n<p>\u00a0<\/p>\t\t\t\t\t\t\t\t<\/div>\n\t\t\t\t<\/div>\n\t\t\t\t\t<\/div>\n\t\t\t\t<\/div>\n\t\t\t\t<\/div>\n\t\t","protected":false},"excerpt":{"rendered":"<p>\u00a0 Quem somos O endere\u00e7o do nosso site \u00e9: http:\/\/ninjinhaatacadista.com.br. Coment\u00e1rios Quando os visitantes deixam coment\u00e1rios no site, coletamos os dados exibidos no formul\u00e1rio de coment\u00e1rios, al\u00e9m do endere\u00e7o IP do visitante e a cadeia de agente do navegador, para ajudar na detec\u00e7\u00e3o de spam. Uma string anonimizada criada a partir do seu endere\u00e7o de [&hellip;]<\/p>\n","protected":false},"author":1,"featured_media":0,"parent":0,"menu_order":0,"comment_status":"closed","ping_status":"open","template":"elementor_header_footer","meta":{"_joinchat":[],"footnotes":""},"class_list":["post-3","page","type-page","status-publish","hentry"],"_links":{"self":[{"href":"https:\/\/ninjinhaatacadista.com.br\/index.php?rest_route=\/wp\/v2\/pages\/3","targetHints":{"allow":["GET"]}}],"collection":[{"href":"https:\/\/ninjinhaatacadista.com.br\/index.php?rest_route=\/wp\/v2\/pages"}],"about":[{"href":"https:\/\/ninjinhaatacadista.com.br\/index.php?rest_route=\/wp\/v2\/types\/page"}],"author":[{"embeddable":true,"href":"https:\/\/ninjinhaatacadista.com.br\/index.php?rest_route=\/wp\/v2\/users\/1"}],"replies":[{"embeddable":true,"href":"https:\/\/ninjinhaatacadista.com.br\/index.php?rest_route=%2Fwp%2Fv2%2Fcomments&post=3"}],"version-history":[{"count":11,"href":"https:\/\/ninjinhaatacadista.com.br\/index.php?rest_route=\/wp\/v2\/pages\/3\/revisions"}],"predecessor-version":[{"id":5692,"href":"https:\/\/ninjinhaatacadista.com.br\/index.php?rest_route=\/wp\/v2\/pages\/3\/revisions\/5692"}],"wp:attachment":[{"href":"https:\/\/ninjinhaatacadista.com.br\/index.php?rest_route=%2Fwp%2Fv2%2Fmedia&parent=3"}],"curies":[{"name":"wp","href":"https:\/\/api.w.org\/{rel}","templated":true}]}}